{"id":131,"date":"2022-08-23T10:33:43","date_gmt":"2022-08-23T10:33:43","guid":{"rendered":"https:\/\/theme.madsparrow.me\/most\/?page_id=131"},"modified":"2026-02-13T15:41:29","modified_gmt":"2026-02-13T15:41:29","slug":"news","status":"publish","type":"page","link":"https:\/\/inovisec.com\/es\/news\/","title":{"rendered":"Noticias"},"content":{"rendered":"<div data-elementor-type=\"wp-page\" data-elementor-id=\"131\" class=\"elementor elementor-131\" data-elementor-post-type=\"page\">\n\t\t\t\t\t\t<section data-particle_enable=\"false\" data-particle-mobile-disabled=\"false\" class=\"elementor-section elementor-top-section elementor-element elementor-element-afea237 elementor-section-height-min-height elementor-section-boxed elementor-section-height-default elementor-section-items-middle\" data-id=\"afea237\" data-element_type=\"section\" data-e-type=\"section\" data-settings=\"{&quot;background_background&quot;:&quot;classic&quot;,&quot;shape_divider_top&quot;:&quot;opacity-tilt&quot;,&quot;tmp_custom_cursor&quot;:&quot;disable&quot;}\">\n\t\t\t\t\t\t\t<div class=\"elementor-background-overlay\"><\/div>\n\t\t\t\t\t\t<div class=\"elementor-shape elementor-shape-top\" aria-hidden=\"true\" data-negative=\"false\">\n\t\t\t<svg xmlns=\"http:\/\/www.w3.org\/2000\/svg\" viewbox=\"0 0 2600 131.1\" preserveaspectratio=\"none\">\n\t<path class=\"elementor-shape-fill\" d=\"M0 0L2600 0 2600 69.1 0 0z\"\/>\n\t<path class=\"elementor-shape-fill\" style=\"opacity:0.5\" d=\"M0 0L2600 0 2600 69.1 0 69.1z\"\/>\n\t<path class=\"elementor-shape-fill\" style=\"opacity:0.25\" d=\"M2600 0L0 0 0 130.1 2600 69.1z\"\/>\n<\/svg>\t\t<\/div>\n\t\t\t\t\t<div class=\"elementor-container elementor-column-gap-extended\">\n\t\t\t\t\t<div class=\"elementor-column elementor-col-100 elementor-top-column elementor-element elementor-element-6ab0c68\" data-id=\"6ab0c68\" data-element_type=\"column\" data-e-type=\"column\" data-settings=\"{&quot;tmp_custom_cursor&quot;:&quot;disable&quot;}\">\n\t\t\t<div class=\"elementor-widget-wrap elementor-element-populated\">\n\t\t\t\t\t\t<div class=\"elementor-element elementor-element-2093b7c elementor-widget elementor-widget-heading\" data-id=\"2093b7c\" data-element_type=\"widget\" data-e-type=\"widget\" data-widget_type=\"heading.default\">\n\t\t\t\t<div class=\"elementor-widget-container\">\n\t\t\t\t\t<h2 class=\"elementor-heading-title elementor-size-default\">INOVISEC<\/h2>\t\t\t\t<\/div>\n\t\t\t\t<\/div>\n\t\t\t\t<div class=\"elementor-element elementor-element-cbd9d70 elementor-widget elementor-widget-heading\" data-id=\"cbd9d70\" data-element_type=\"widget\" data-e-type=\"widget\" data-widget_type=\"heading.default\">\n\t\t\t\t<div class=\"elementor-widget-container\">\n\t\t\t\t\t<h1 class=\"elementor-heading-title elementor-size-default\">Noticias\n<\/h1>\t\t\t\t<\/div>\n\t\t\t\t<\/div>\n\t\t\t\t\t<\/div>\n\t\t<\/div>\n\t\t\t\t\t<\/div>\n\t\t<\/section>\n\t\t<div data-particle_enable=\"false\" data-particle-mobile-disabled=\"false\" class=\"elementor-element elementor-element-1cb3eb1 e-flex e-con-boxed e-con e-parent\" data-id=\"1cb3eb1\" data-element_type=\"container\" data-e-type=\"container\" data-settings=\"{&quot;background_background&quot;:&quot;gradient&quot;}\">\n\t\t\t\t\t<div class=\"e-con-inner\">\n\t\t\t\t<div class=\"elementor-element elementor-element-b8e669c elementor-widget elementor-widget-eael-post-timeline\" data-id=\"b8e669c\" data-element_type=\"widget\" data-e-type=\"widget\" data-widget_type=\"eael-post-timeline.default\">\n\t\t\t\t<div class=\"elementor-widget-container\">\n\t\t\t\t\t<div id=\"eael-post-timeline-b8e669c\" class=\"eael-post-timeline timeline-layout-default eael-post-timeline-arrow-\">\n            <div class=\"eael-post-timeline eael-post-appender eael-post-appender-b8e669c\"><article class=\"eael-timeline-post eael-timeline-column\">\n    <div class=\"eael-timeline-bullet\"><\/div>\n    <div class=\"eael-timeline-post-inner\">\n        <a class=\"eael-timeline-post-link\" href=\"https:\/\/inovisec.com\/es\/how-medellin-became-a-global-leader-in-emergency-response-technology\/\" title=\"How Medell\u00edn Became a Global Leader in Emergency Response Technology\">\n            <time datetime=\"Abr 6, 2026\">Abr 6, 2026<\/time>\n            <div class=\"eael-timeline-post-image  attachment-medium size-medium\" style=\"background-image: url(https:\/\/inovisec.com\/wp-content\/uploads\/2026\/01\/1-1-300x225.png);\"><\/div><div class=\"eael-timeline-post-excerpt\"><p>Discover how Colombia&#8217;s second-largest city is revolutionizing public safety with...<\/p><\/div><div class=\"eael-timeline-post-title\">\n                    <h2 class=\"eael-timeline-post-title-text\">How Medell\u00edn Became a Global Leader in Emergency Response Technology<\/h2>\n                <\/div><\/a>\n    <\/div>\n<\/article><article class=\"eael-timeline-post eael-timeline-column\">\n    <div class=\"eael-timeline-bullet\"><\/div>\n    <div class=\"eael-timeline-post-inner\">\n        <a class=\"eael-timeline-post-link\" href=\"https:\/\/inovisec.com\/es\/artificial-intelligence-the-new-ally-in-urban-traffic-emergency-management\/\" title=\"Inteligencia Artificial: El Nuevo Aliado en la Gesti\u00f3n de Emergencias de Tr\u00e1fico Urbano\">\n            <time datetime=\"Oct 28, 2025\">Oct 28, 2025<\/time>\n            <div class=\"eael-timeline-post-image  attachment-medium size-medium\" style=\"background-image: url(https:\/\/inovisec.com\/wp-content\/uploads\/2025\/08\/GettyImages-1085160184-1280x720-1-300x182.jpg);\"><\/div><div class=\"eael-timeline-post-excerpt\"><p>Cada segundo cuenta cuando se trata de emergencias urbanas. Un...<\/p><\/div><div class=\"eael-timeline-post-title\">\n                    <h2 class=\"eael-timeline-post-title-text\">Inteligencia Artificial: El Nuevo Aliado en la Gesti\u00f3n de Emergencias de Tr\u00e1fico Urbano<\/h2>\n                <\/div><\/a>\n    <\/div>\n<\/article><article class=\"eael-timeline-post eael-timeline-column\">\n    <div class=\"eael-timeline-bullet\"><\/div>\n    <div class=\"eael-timeline-post-inner\">\n        <a class=\"eael-timeline-post-link\" href=\"https:\/\/inovisec.com\/es\/mega-wheel-casino-game-8\/\" title=\"mega wheel casino game 8\">\n            <time datetime=\"Ago 18, 2025\">Ago 18, 2025<\/time>\n            <div class=\"eael-timeline-post-image  attachment-medium size-medium\" style=\"background-image: url();\"><\/div><div class=\"eael-timeline-post-excerpt\"><p>Mega Wheel Guide and Tips for the Mega Wheel Casino...<\/p><\/div><div class=\"eael-timeline-post-title\">\n                    <h2 class=\"eael-timeline-post-title-text\">mega wheel casino game 8<\/h2>\n                <\/div><\/a>\n    <\/div>\n<\/article><article class=\"eael-timeline-post eael-timeline-column\">\n    <div class=\"eael-timeline-bullet\"><\/div>\n    <div class=\"eael-timeline-post-inner\">\n        <a class=\"eael-timeline-post-link\" href=\"https:\/\/inovisec.com\/es\/smart-waste-management\/\" title=\"Gesti\u00f3n Inteligente de Residuos\">\n            <time datetime=\"Ago 9, 2025\">Ago 9, 2025<\/time>\n            <div class=\"eael-timeline-post-image  attachment-medium size-medium\" style=\"background-image: url(https:\/\/inovisec.com\/wp-content\/uploads\/2025\/08\/GettyImages-1085160184-1280x720-1-300x182.jpg);\"><\/div><div class=\"eael-timeline-post-excerpt\"><p>Vivimos en una era extraordinaria donde la l\u00ednea entre...<\/p><\/div><div class=\"eael-timeline-post-title\">\n                    <h2 class=\"eael-timeline-post-title-text\">Gesti\u00f3n Inteligente de Residuos<\/h2>\n                <\/div><\/a>\n    <\/div>\n<\/article><article class=\"eael-timeline-post eael-timeline-column\">\n    <div class=\"eael-timeline-bullet\"><\/div>\n    <div class=\"eael-timeline-post-inner\">\n        <a class=\"eael-timeline-post-link\" href=\"https:\/\/inovisec.com\/es\/nano-game-casino-5\/\" title=\"nano game casino 5\">\n            <time datetime=\"Jun 26, 2025\">Jun 26, 2025<\/time>\n            <div class=\"eael-timeline-post-image  attachment-medium size-medium\" style=\"background-image: url();\"><\/div><div class=\"eael-timeline-post-excerpt\"><p>Download App NANO GAME Trusted Online Gambling Platform In India...<\/p><\/div><div class=\"eael-timeline-post-title\">\n                    <h2 class=\"eael-timeline-post-title-text\">nano game casino 5<\/h2>\n                <\/div><\/a>\n    <\/div>\n<\/article><article class=\"eael-timeline-post eael-timeline-column\">\n    <div class=\"eael-timeline-bullet\"><\/div>\n    <div class=\"eael-timeline-post-inner\">\n        <a class=\"eael-timeline-post-link\" href=\"https:\/\/inovisec.com\/es\/game-casino-6\/\" title=\"game casino 6\">\n            <time datetime=\"Jun 13, 2025\">Jun 13, 2025<\/time>\n            <div class=\"eael-timeline-post-image  attachment-medium size-medium\" style=\"background-image: url();\"><\/div><div class=\"eael-timeline-post-excerpt\"><p>HTML5 Casino Game Bundle Complete iGaming Suite by ImpresseDev Slots...<\/p><\/div><div class=\"eael-timeline-post-title\">\n                    <h2 class=\"eael-timeline-post-title-text\">game casino 6<\/h2>\n                <\/div><\/a>\n    <\/div>\n<\/article><article class=\"eael-timeline-post eael-timeline-column\">\n    <div class=\"eael-timeline-bullet\"><\/div>\n    <div class=\"eael-timeline-post-inner\">\n        <a class=\"eael-timeline-post-link\" href=\"https:\/\/inovisec.com\/es\/thefutureofurban\/\" title=\"Ciudades Inteligentes: El Futuro Urbano Impulsado por la Tecnolog\u00eda\">\n            <time datetime=\"Jun 2, 2025\">Jun 2, 2025<\/time>\n            <div class=\"eael-timeline-post-image  attachment-medium size-medium\" style=\"background-image: url(https:\/\/inovisec.com\/wp-content\/uploads\/2024\/10\/A-very-close-up-photorealistic-image-of-a-smart-city-resembling-Singapore.-The-focus-is-on-a-specific-area-with-visible-roads-a-traffic-light-300x171.webp);\"><\/div><div class=\"eael-timeline-post-excerpt\"><p>En una era de r\u00e1pida urbanizaci\u00f3n y avances tecnol\u00f3gicos sin precedentes,...<\/p><\/div><div class=\"eael-timeline-post-title\">\n                    <h2 class=\"eael-timeline-post-title-text\">Ciudades Inteligentes: El Futuro Urbano Impulsado por la Tecnolog\u00eda<\/h2>\n                <\/div><\/a>\n    <\/div>\n<\/article><\/div>\n\t\t<\/div>            <div class=\"eael-load-more-button-wrap eael-force-hide\">\n                <button class=\"eael-load-more-button\" id=\"eael-load-more-btn-b8e669c\" data-widget-id=\"b8e669c\" data-widget=\"b8e669c\" data-page-id=\"131\" data-template=\"{&quot;dir&quot;:&quot;lite&quot;,&quot;file_name&quot;:&quot;default.php&quot;,&quot;name&quot;:&quot;Post-Timeline&quot;}\" data-class=\"Essential_Addons_Elementor\\Elements\\Post_Timeline\" data-layout=\"\" data-page=\"1\" data-args=\"orderby=date&amp;order=desc&amp;ignore_sticky_posts=1&amp;post_status=publish&amp;posts_per_page=7&amp;offset=0&amp;post_type=post\" data-max-page=\"3\">\n                    <span class=\"eael-btn-loader button__loader\"><\/span>\n                    <span class=\"eael_load_more_text\"><\/span>\n                <\/button>\n            <\/div>\n            \t\t\t\t<\/div>\n\t\t\t\t<\/div>\n\t\t\t\t\t<\/div>\n\t\t\t\t<\/div>\n\t\t<div data-particle_enable=\"false\" data-particle-mobile-disabled=\"false\" class=\"elementor-element elementor-element-065ff76 e-flex e-con-boxed e-con e-parent\" data-id=\"065ff76\" data-element_type=\"container\" data-e-type=\"container\">\n\t\t\t\t\t<div class=\"e-con-inner\">\n\t\t\t\t<div class=\"elementor-element elementor-element-352bdcf elementor-widget elementor-widget-spacer\" data-id=\"352bdcf\" data-element_type=\"widget\" data-e-type=\"widget\" data-widget_type=\"spacer.default\">\n\t\t\t\t<div class=\"elementor-widget-container\">\n\t\t\t\t\t\t\t<div class=\"elementor-spacer\">\n\t\t\t<div class=\"elementor-spacer-inner\"><\/div>\n\t\t<\/div>\n\t\t\t\t\t\t<\/div>\n\t\t\t\t<\/div>\n\t\t\t\t\t<\/div>\n\t\t\t\t<\/div>\n\t\t<div data-particle_enable=\"false\" data-particle-mobile-disabled=\"false\" class=\"elementor-element elementor-element-903e05c e-flex e-con-boxed e-con e-parent\" data-id=\"903e05c\" data-element_type=\"container\" data-e-type=\"container\">\n\t\t\t\t\t<div class=\"e-con-inner\">\n\t\t\t\t\t<\/div>\n\t\t\t\t<\/div>\n\t\t\t\t<\/div>","protected":false},"excerpt":{"rendered":"<p>INOVISEC news Jan 27, 2026 Discover how Colombia&#8217;s second-largest city is revolutionizing public safety with&#8230; How Medell\u00edn Became a Global Leader in Emergency Response [&hellip;]<\/p>\n","protected":false},"author":2,"featured_media":0,"parent":0,"menu_order":0,"comment_status":"closed","ping_status":"closed","template":"page-custom.php","meta":{"_acf_changed":false,"footnotes":""},"class_list":["post-131","page","type-page","status-publish","hentry"],"acf":{"full_width":true,"header_transparent":true,"header_white":false},"yoast_head":"<!-- This site is optimized with the Yoast SEO plugin v27.4 - https:\/\/yoast.com\/product\/yoast-seo-wordpress\/ -->\n<title>News - Inovisec AG<\/title>\n<meta name=\"robots\" content=\"index, follow, max-snippet:-1, max-image-preview:large, max-video-preview:-1\" \/>\n<link rel=\"canonical\" href=\"https:\/\/inovisec.com\/es\/news\/\" \/>\n<meta property=\"og:locale\" content=\"es_ES\" \/>\n<meta property=\"og:type\" content=\"article\" \/>\n<meta property=\"og:title\" content=\"News - Inovisec AG\" \/>\n<meta property=\"og:description\" content=\"INOVISEC news Jan 27, 2026 Discover how Colombia&#8217;s second-largest city is revolutionizing public safety with&#8230; How Medell\u00edn Became a Global Leader in Emergency Response [&hellip;]\" \/>\n<meta property=\"og:url\" content=\"https:\/\/inovisec.com\/es\/news\/\" \/>\n<meta property=\"og:site_name\" content=\"Inovisec AG\" \/>\n<meta property=\"article:publisher\" content=\"https:\/\/es.linkedin.com\/company\/inovisec\" \/>\n<meta property=\"article:modified_time\" content=\"2026-02-13T15:41:29+00:00\" \/>\n<meta name=\"twitter:card\" content=\"summary_large_image\" \/>\n<meta name=\"twitter:label1\" content=\"Tiempo de lectura\" \/>\n\t<meta name=\"twitter:data1\" content=\"1 minuto\" \/>\n<script type=\"application\/ld+json\" class=\"yoast-schema-graph\">{\"@context\":\"https:\\\/\\\/schema.org\",\"@graph\":[{\"@type\":\"WebPage\",\"@id\":\"https:\\\/\\\/inovisec.com\\\/news\\\/\",\"url\":\"https:\\\/\\\/inovisec.com\\\/news\\\/\",\"name\":\"News - Inovisec AG\",\"isPartOf\":{\"@id\":\"https:\\\/\\\/inovisec.com\\\/#website\"},\"datePublished\":\"2022-08-23T10:33:43+00:00\",\"dateModified\":\"2026-02-13T15:41:29+00:00\",\"breadcrumb\":{\"@id\":\"https:\\\/\\\/inovisec.com\\\/news\\\/#breadcrumb\"},\"inLanguage\":\"es\",\"potentialAction\":[{\"@type\":\"ReadAction\",\"target\":[\"https:\\\/\\\/inovisec.com\\\/news\\\/\"]}]},{\"@type\":\"BreadcrumbList\",\"@id\":\"https:\\\/\\\/inovisec.com\\\/news\\\/#breadcrumb\",\"itemListElement\":[{\"@type\":\"ListItem\",\"position\":1,\"name\":\"Home\",\"item\":\"https:\\\/\\\/inovisec.com\\\/\"},{\"@type\":\"ListItem\",\"position\":2,\"name\":\"News\"}]},{\"@type\":\"WebSite\",\"@id\":\"https:\\\/\\\/inovisec.com\\\/#website\",\"url\":\"https:\\\/\\\/inovisec.com\\\/\",\"name\":\"Inovisec AG\",\"description\":\"Innovating where it counts\",\"publisher\":{\"@id\":\"https:\\\/\\\/inovisec.com\\\/#organization\"},\"potentialAction\":[{\"@type\":\"SearchAction\",\"target\":{\"@type\":\"EntryPoint\",\"urlTemplate\":\"https:\\\/\\\/inovisec.com\\\/?s={search_term_string}\"},\"query-input\":{\"@type\":\"PropertyValueSpecification\",\"valueRequired\":true,\"valueName\":\"search_term_string\"}}],\"inLanguage\":\"es\"},{\"@type\":\"Organization\",\"@id\":\"https:\\\/\\\/inovisec.com\\\/#organization\",\"name\":\"Inovisec AG\",\"url\":\"https:\\\/\\\/inovisec.com\\\/\",\"logo\":{\"@type\":\"ImageObject\",\"inLanguage\":\"es\",\"@id\":\"https:\\\/\\\/inovisec.com\\\/#\\\/schema\\\/logo\\\/image\\\/\",\"url\":\"https:\\\/\\\/inovisec.com\\\/wp-content\\\/uploads\\\/2022\\\/10\\\/Recurso-3.svg\",\"contentUrl\":\"https:\\\/\\\/inovisec.com\\\/wp-content\\\/uploads\\\/2022\\\/10\\\/Recurso-3.svg\",\"width\":213,\"height\":213,\"caption\":\"Inovisec AG\"},\"image\":{\"@id\":\"https:\\\/\\\/inovisec.com\\\/#\\\/schema\\\/logo\\\/image\\\/\"},\"sameAs\":[\"https:\\\/\\\/es.linkedin.com\\\/company\\\/inovisec\"]}]}<\/script>\n<!-- \/ Yoast SEO plugin. -->","yoast_head_json":{"title":"News - Inovisec AG","robots":{"index":"index","follow":"follow","max-snippet":"max-snippet:-1","max-image-preview":"max-image-preview:large","max-video-preview":"max-video-preview:-1"},"canonical":"https:\/\/inovisec.com\/es\/news\/","og_locale":"es_ES","og_type":"article","og_title":"News - Inovisec AG","og_description":"INOVISEC news Jan 27, 2026 Discover how Colombia&#8217;s second-largest city is revolutionizing public safety with&#8230; How Medell\u00edn Became a Global Leader in Emergency Response [&hellip;]","og_url":"https:\/\/inovisec.com\/es\/news\/","og_site_name":"Inovisec AG","article_publisher":"https:\/\/es.linkedin.com\/company\/inovisec","article_modified_time":"2026-02-13T15:41:29+00:00","twitter_card":"summary_large_image","twitter_misc":{"Tiempo de lectura":"1 minuto"},"schema":{"@context":"https:\/\/schema.org","@graph":[{"@type":"WebPage","@id":"https:\/\/inovisec.com\/news\/","url":"https:\/\/inovisec.com\/news\/","name":"News - Inovisec AG","isPartOf":{"@id":"https:\/\/inovisec.com\/#website"},"datePublished":"2022-08-23T10:33:43+00:00","dateModified":"2026-02-13T15:41:29+00:00","breadcrumb":{"@id":"https:\/\/inovisec.com\/news\/#breadcrumb"},"inLanguage":"es","potentialAction":[{"@type":"ReadAction","target":["https:\/\/inovisec.com\/news\/"]}]},{"@type":"BreadcrumbList","@id":"https:\/\/inovisec.com\/news\/#breadcrumb","itemListElement":[{"@type":"ListItem","position":1,"name":"Home","item":"https:\/\/inovisec.com\/"},{"@type":"ListItem","position":2,"name":"News"}]},{"@type":"WebSite","@id":"https:\/\/inovisec.com\/#website","url":"https:\/\/inovisec.com\/","name":"Inovisec AG","description":"Innovating where it counts","publisher":{"@id":"https:\/\/inovisec.com\/#organization"},"potentialAction":[{"@type":"SearchAction","target":{"@type":"EntryPoint","urlTemplate":"https:\/\/inovisec.com\/?s={search_term_string}"},"query-input":{"@type":"PropertyValueSpecification","valueRequired":true,"valueName":"search_term_string"}}],"inLanguage":"es"},{"@type":"Organization","@id":"https:\/\/inovisec.com\/#organization","name":"Inovisec AG","url":"https:\/\/inovisec.com\/","logo":{"@type":"ImageObject","inLanguage":"es","@id":"https:\/\/inovisec.com\/#\/schema\/logo\/image\/","url":"https:\/\/inovisec.com\/wp-content\/uploads\/2022\/10\/Recurso-3.svg","contentUrl":"https:\/\/inovisec.com\/wp-content\/uploads\/2022\/10\/Recurso-3.svg","width":213,"height":213,"caption":"Inovisec AG"},"image":{"@id":"https:\/\/inovisec.com\/#\/schema\/logo\/image\/"},"sameAs":["https:\/\/es.linkedin.com\/company\/inovisec"]}]}},"_links":{"self":[{"href":"https:\/\/inovisec.com\/es\/wp-json\/wp\/v2\/pages\/131","targetHints":{"allow":["GET"]}}],"collection":[{"href":"https:\/\/inovisec.com\/es\/wp-json\/wp\/v2\/pages"}],"about":[{"href":"https:\/\/inovisec.com\/es\/wp-json\/wp\/v2\/types\/page"}],"author":[{"embeddable":true,"href":"https:\/\/inovisec.com\/es\/wp-json\/wp\/v2\/users\/2"}],"replies":[{"embeddable":true,"href":"https:\/\/inovisec.com\/es\/wp-json\/wp\/v2\/comments?post=131"}],"version-history":[{"count":41,"href":"https:\/\/inovisec.com\/es\/wp-json\/wp\/v2\/pages\/131\/revisions"}],"predecessor-version":[{"id":9100,"href":"https:\/\/inovisec.com\/es\/wp-json\/wp\/v2\/pages\/131\/revisions\/9100"}],"wp:attachment":[{"href":"https:\/\/inovisec.com\/es\/wp-json\/wp\/v2\/media?parent=131"}],"curies":[{"name":"wp","href":"https:\/\/api.w.org\/{rel}","templated":true}]}}